{"id":14756,"date":"2026-02-16T14:38:29","date_gmt":"2026-02-16T14:38:29","guid":{"rendered":"http:\/\/visual-foundry.com\/?page_id=14756"},"modified":"2026-03-10T10:10:12","modified_gmt":"2026-03-10T10:10:12","slug":"generate","status":"publish","type":"page","link":"https:\/\/visual-foundry.com\/tr\/generate\/","title":{"rendered":"Olu\u015ftur"},"content":{"rendered":"<div data-elementor-type=\"wp-page\" data-elementor-id=\"14756\" class=\"elementor elementor-14756\" data-elementor-post-type=\"page\">\n\t\t\t\t<div class=\"elementor-element elementor-element-757508d e-flex e-con-boxed pxl-row-scroll-none pxl-column-none pxl-full-content-with-space-none e-con e-parent\" data-id=\"757508d\" data-element_type=\"container\">\t\t\t<div class=\"e-con-inner\">\r\n\t\t\t\t<div class=\"elementor-element elementor-element-a449160 elementor-invisible elementor-widget elementor-widget-heading\" data-id=\"a449160\" data-element_type=\"widget\" data-settings=\"{&quot;_animation&quot;:&quot;zoomIn&quot;}\" data-widget_type=\"heading.default\">\n\t\t\t\t\t<h2 class=\"elementor-heading-title elementor-size-default\"> Benzersiz Yapay Zeka Sanat\u0131 Olu\u015fturun<\/h2>\t\t\t\t<\/div>\n\t\t\t\t<div class=\"elementor-element elementor-element-7f9cb68 elementor-invisible elementor-widget elementor-widget-text-editor\" data-id=\"7f9cb68\" data-element_type=\"widget\" data-settings=\"{&quot;_animation&quot;:&quot;zoomIn&quot;}\" data-widget_type=\"text-editor.default\">\n\t\t\t\t\t\t\t\t\t<p>\u00d6zel bir g\u00f6rsel olu\u015fturmak i\u00e7in iste\u011finizi a\u015fa\u011f\u0131ya girin veya \u00f6zenle se\u00e7ilmi\u015f \u00e7arp\u0131c\u0131 sanat eserleri koleksiyonumuza g\u00f6z at\u0131n.<\/p>\t\t\t\t\t\t\t\t<\/div>\n\t\t\t\t<div class=\"elementor-element elementor-element-a6baab8 elementor-invisible elementor-widget elementor-widget-shortcode\" data-id=\"a6baab8\" data-element_type=\"widget\" data-settings=\"{&quot;_animation&quot;:&quot;zoomIn&quot;}\" data-widget_type=\"shortcode.default\">\n\t\t\t\t\t\t\t<div class=\"elementor-shortcode\"><div style=\"margin:0 auto; text-align:center;\">\n<p>Bakiyenizi g\u00f6r\u00fcnt\u00fclemek i\u00e7in <a style=\"color:red;\" href=\"\/tr\/my-account\/\">giri\u015f yapmak<\/a> veya <a style=\"color:red;\" href=\"\/tr\/my-account\/\">kay\u0131t olmak<\/a>.<\/p>\n<\/div><\/div>\n\t\t\t\t\t\t<\/div>\n\t\t\t\t<div class=\"elementor-element elementor-element-63cbbc0 elementor-invisible elementor-widget elementor-widget-text-editor\" data-id=\"63cbbc0\" data-element_type=\"widget\" data-settings=\"{&quot;_animation&quot;:&quot;zoomIn&quot;}\" data-widget_type=\"text-editor.default\">\n\t\t\t\t\t\t\t\t\t<p>*Gereklilikler\u00a0<b>1 Kredi<\/b> C\u00fczdan\u0131n\u0131zda. <a style=\"color: red;\" href=\"\/tr\/urun\/credits\/\">Bakiyenizi y\u00fckleyin\u00a0<\/a><\/p>\t\t\t\t\t\t\t\t<\/div>\n\t\t\t\t<div class=\"elementor-element elementor-element-bd4af9f elementor-widget elementor-widget-shortcode\" data-id=\"bd4af9f\" data-element_type=\"widget\" data-widget_type=\"shortcode.default\">\n\t\t\t\t\t\t\t<div class=\"elementor-shortcode\"><div class='mwai-chatbot-container' data-params='{&quot;aiName&quot;:&quot;AI: &quot;,&quot;userName&quot;:&quot;User: &quot;,&quot;guestName&quot;:&quot;Guest:&quot;,&quot;aiAvatar&quot;:true,&quot;aiAvatarUrl&quot;:&quot;chat-robot-1.svg&quot;,&quot;textSend&quot;:&quot;Generate&quot;,&quot;textClear&quot;:&quot;Clear&quot;,&quot;imageUpload&quot;:false,&quot;fileUpload&quot;:false,&quot;multiUpload&quot;:false,&quot;maxUploads&quot;:1,&quot;fileUploads&quot;:0,&quot;mode&quot;:&quot;images&quot;,&quot;textInputPlaceholder&quot;:&quot;Tell us about Your image&quot;,&quot;textInputMaxLength&quot;:512,&quot;textCompliance&quot;:&quot;&quot;,&quot;startSentence&quot;:&quot;Tell us about ur image&quot;,&quot;localMemory&quot;:true,&quot;themeId&quot;:&quot;chatgpt&quot;,&quot;window&quot;:false,&quot;icon&quot;:&quot;&quot;,&quot;iconText&quot;:&quot;&quot;,&quot;iconTextDelay&quot;:1,&quot;iconAlt&quot;:&quot;AI Engine Chatbot&quot;,&quot;iconPosition&quot;:&quot;bottom-right&quot;,&quot;centerOpen&quot;:false,&quot;width&quot;:&quot;&quot;,&quot;openDelay&quot;:&quot;&quot;,&quot;iconBubble&quot;:false,&quot;windowAnimation&quot;:&quot;zoom&quot;,&quot;fullscreen&quot;:false,&quot;copyButton&quot;:true,&quot;headerSubtitle&quot;:&quot;Discuss with&quot;,&quot;containerType&quot;:&quot;standard&quot;,&quot;headerType&quot;:&quot;standard&quot;,&quot;messagesType&quot;:&quot;standard&quot;,&quot;inputType&quot;:&quot;standard&quot;,&quot;footerType&quot;:&quot;standard&quot;}' data-system='{&quot;botId&quot;:&quot;default&quot;,&quot;customId&quot;:&quot;2115d0d83a9a54730a027bb6aeefbf21&quot;,&quot;userData&quot;:null,&quot;sessionId&quot;:&quot;69d7d5330cade&quot;,&quot;restNonce&quot;:null,&quot;contextId&quot;:14756,&quot;pluginUrl&quot;:&quot;https:\\\/\\\/visual-foundry.com\\\/wp-content\\\/plugins\\\/ai-engine\\\/&quot;,&quot;restUrl&quot;:&quot;https:\\\/\\\/visual-foundry.com\\\/tr\\\/wp-json&quot;,&quot;stream&quot;:true,&quot;debugMode&quot;:false,&quot;eventLogs&quot;:false,&quot;speech_recognition&quot;:false,&quot;speech_synthesis&quot;:false,&quot;typewriter&quot;:false,&quot;crossSite&quot;:false,&quot;actions&quot;:[],&quot;blocks&quot;:[],&quot;shortcuts&quot;:[]}' data-theme='{&quot;type&quot;:&quot;internal&quot;,&quot;name&quot;:&quot;ChatGPT&quot;,&quot;themeId&quot;:&quot;chatgpt&quot;,&quot;settings&quot;:[],&quot;style&quot;:&quot;&quot;}'><\/div><\/div>\n\t\t\t\t\t\t<\/div>\n\t\t\t\t\t<\/div>\r\n\t\t\t\t<\/div>\r\n\t\t<div class=\"elementor-element elementor-element-822d698 e-flex e-con-boxed pxl-row-scroll-none pxl-column-none pxl-full-content-with-space-none e-con e-parent\" data-id=\"822d698\" data-element_type=\"container\">\t\t\t<div class=\"e-con-inner\">\r\n\t\t\t\t\t<\/div>\r\n\t\t\t\t<\/div>\r\n\t\t\t\t<\/div>","protected":false},"excerpt":{"rendered":"<p>Create Unique AI Art Enter your prompt below to generate a custom image, or browse our curated collection of stunning artworks. *Requires\u00a01 Credits on Your Wallet. Top up your balance\u00a0<\/p>","protected":false},"author":1,"featured_media":0,"parent":0,"menu_order":0,"comment_status":"closed","ping_status":"closed","template":"","meta":{"footnotes":""},"class_list":["post-14756","page","type-page","status-publish","hentry"],"_links":{"self":[{"href":"https:\/\/visual-foundry.com\/tr\/wp-json\/wp\/v2\/pages\/14756","targetHints":{"allow":["GET"]}}],"collection":[{"href":"https:\/\/visual-foundry.com\/tr\/wp-json\/wp\/v2\/pages"}],"about":[{"href":"https:\/\/visual-foundry.com\/tr\/wp-json\/wp\/v2\/types\/page"}],"author":[{"embeddable":true,"href":"https:\/\/visual-foundry.com\/tr\/wp-json\/wp\/v2\/users\/1"}],"replies":[{"embeddable":true,"href":"https:\/\/visual-foundry.com\/tr\/wp-json\/wp\/v2\/comments?post=14756"}],"version-history":[{"count":7,"href":"https:\/\/visual-foundry.com\/tr\/wp-json\/wp\/v2\/pages\/14756\/revisions"}],"predecessor-version":[{"id":17923,"href":"https:\/\/visual-foundry.com\/tr\/wp-json\/wp\/v2\/pages\/14756\/revisions\/17923"}],"wp:attachment":[{"href":"https:\/\/visual-foundry.com\/tr\/wp-json\/wp\/v2\/media?parent=14756"}],"curies":[{"name":"wp","href":"https:\/\/api.w.org\/{rel}","templated":true}]}}