{"id":16302,"date":"2026-02-16T16:56:36","date_gmt":"2026-02-16T16:56:36","guid":{"rendered":"http:\/\/visual-foundry.com\/?page_id=16302"},"modified":"2026-02-18T23:57:41","modified_gmt":"2026-02-18T23:57:41","slug":"terms-and-conditions","status":"publish","type":"page","link":"https:\/\/visual-foundry.com\/tr\/terms-and-conditions\/","title":{"rendered":"\u015eartlar ve ko\u015fullar"},"content":{"rendered":"<h4 class=\"wp-block-heading\">Bu poli\u00e7e neleri kaps\u0131yor?<\/h4>\n\n\n\n<p>\u015eARTLAR VE KO\u015eULLAR<\/p>\n\n\n\n<p>S\u00fcr\u00fcm 1.0 \u2014 Ge\u00e7erlilik tarihi: 25 A\u011fustos 2025<\/p>\n\n\n\n<h1 class=\"wp-block-heading\">\u015eirket ve \u0130leti\u015fim<\/h1>\n\n\n\n<figure class=\"wp-block-table\"><table class=\"has-fixed-layout\"><tbody><tr><td>Kay\u0131tl\u0131 Sat\u0131c\u0131<\/td><td>THE REAL DEAL PROVIDERS LTD (\u201cbiz\u201d, \u201cbize\u201d, \u201cbizim\u201d)<\/td><\/tr><tr><td>\u015eirket Numaras\u0131<\/td><td>16108011 (\u0130ngiltere ve Galler)<\/td><\/tr><tr><td>Kay\u0131tl\u0131 Ofis<\/td><td>Dept 6152, 43 Owston Road, Carcroft, Doncaster, Birle\u015fik Krall\u0131k, DN6 8DA<\/td><\/tr><tr><td>Web sitesi<\/td><td>https:\/\/visual-foundry.com<\/td><\/tr><tr><td>\u0130leti\u015fim E-postas\u0131<\/td><td>info@visual-foundry.com<\/td><\/tr><\/tbody><\/table><\/figure>\n\n\n\n<h1 class=\"wp-block-heading\">1. Bu \u015eartlar Hakk\u0131nda<\/h1>\n\n\n\n<p>1.1. Bu H\u00fck\u00fcm ve Ko\u015fullar (\u201cH\u00fck\u00fcmler\u201d), visual-foundry.com adresinde (\u201cSite\u201d) bulunan dijital i\u00e7erik ve ilgili hizmetlerin sat\u0131n al\u0131nmas\u0131 ve kullan\u0131m\u0131 i\u00e7in sizinle THE REAL DEAL PROVIDERS LTD aras\u0131nda yap\u0131lan s\u00f6zle\u015fmeyi olu\u015fturmaktad\u0131r.<\/p>\n\n\n\n<p>1.2. L\u00fctfen bu \u015eartlar\u0131 dikkatlice okuyun. Sipari\u015f vererek, hesap olu\u015fturarak, dijital dosyalar\u0131 indirerek, kredi\/jeton kullanarak veya Sitenin herhangi bir \u00f6zelli\u011fini kullanarak bu \u015eartlara ba\u011fl\u0131 kalmay\u0131 kabul edersiniz.<\/p>\n\n\n\n<p>1.3. Bu \u015eartlar, referans yoluyla dahil edilen Gizlilik Politikam\u0131z, \u00c7erez Politikam\u0131z ve \u00d6deme ve \u0130ade Politikam\u0131za ek olarak ge\u00e7erlidir. Kabul etmiyorsan\u0131z, Siteyi kullanmay\u0131n.<\/p>\n\n\n\n<h1 class=\"wp-block-heading\">2. Tan\u0131mlar<\/h1>\n\n\n\n<p>\u201cDijital \u0130\u00e7erik\u201d: Sitede kullan\u0131ma sunulan yapay zeka taraf\u0131ndan olu\u015fturulmu\u015f g\u00f6r\u00fcnt\u00fcler ve di\u011fer indirilebilir yarat\u0131c\u0131 varl\u0131klar.<\/p>\n\n\n\n<p>\u201cKrediler\u201d veya \u201cJetonlar\u201d: Sat\u0131n al\u0131nd\u0131ktan sonra Site i\u00e7inde Dijital \u0130\u00e7erik olu\u015fturmak, indirmek veya kilidini a\u00e7mak i\u00e7in kullan\u0131labilen kapal\u0131 devre birimlerdir.<\/p>\n\n\n\n<p>\u201cT\u00fcketici\u201d: Ticareti, i\u015fi, zanaat\u0131 veya mesle\u011fi d\u0131\u015f\u0131nda tamamen veya a\u011f\u0131rl\u0131kl\u0131 olarak hareket eden birey.<\/p>\n\n\n\n<p>\u201cTicari Kullan\u0131c\u0131\u201d: Ticareti, i\u015fi, zanaat\u0131 veya mesle\u011fiyle ilgili ama\u00e7lar do\u011frultusunda hareket eden herhangi bir kullan\u0131c\u0131.<\/p>\n\n\n\n<h1 class=\"wp-block-heading\">3. Hizmetlerin Kapsam\u0131<\/h1>\n\n\n\n<p>3.1. Dijital \u0130\u00e7eri\u011fi (esas olarak yapay zeka taraf\u0131ndan olu\u015fturulan g\u00f6rselleri) s\u0131n\u0131rl\u0131 bir lisans alt\u0131nda indirilmek ve kullan\u0131lmak \u00fczere sat\u0131yor ve lisansl\u0131yoruz (bkz. Madde 10). Ayr\u0131ca, Krediler\/Jetonlar kullan\u0131larak eri\u015filebilen, iste\u011fe ba\u011fl\u0131 g\u00f6rsel olu\u015fturma hizmeti de sunuyoruz.<\/p>\n\n\n\n<p>3.2. Site yaln\u0131zca &quot;\u00d6demeli&quot; sat\u0131n al\u0131mlar\u0131 desteklemektedir. Abonelik veya yinelenen \u00fccretler bulunmamaktad\u0131r.<\/p>\n\n\n\n<p>3.3. Kullan\u0131labilirlik, formatlar ve teknik gereksinimler \u00fcr\u00fcn veya hizmet sayfalar\u0131nda a\u00e7\u0131klanm\u0131\u015ft\u0131r. \u00d6zellikleri diledi\u011fimiz zaman g\u00fcncelleyebilir, iyile\u015ftirebilir veya kald\u0131rabiliriz.<\/p>\n\n\n\n<h1 class=\"wp-block-heading\">4. Uygunluk ve Hesaplar<\/h1>\n\n\n\n<p>4.1. Siteyi kullanmak i\u00e7in en az 18 ya\u015f\u0131nda olmal\u0131s\u0131n\u0131z.<\/p>\n\n\n\n<p>4.2. Hesap bilgilerinizden, g\u00fcvenli\u011finizden ve hesab\u0131n\u0131z alt\u0131ndaki t\u00fcm faaliyetlerden siz sorumlusunuz.<\/p>\n\n\n\n<p>4.3. K\u00f6t\u00fcye kullan\u0131m, doland\u0131r\u0131c\u0131l\u0131k veya bu \u015eartlar\u0131n ihlali \u015f\u00fcphesi duydu\u011fumuz durumlarda hesaplar\u0131 reddedebilir, ask\u0131ya alabilir veya sonland\u0131rabiliriz.<\/p>\n\n\n\n<h1 class=\"wp-block-heading\">5. Fiyatland\u0131rma, Para Birimi ve Vergiler<\/h1>\n\n\n\n<p>5.1. Fiyatlar, sipari\u015finiz s\u0131ras\u0131nda Sitede g\u00f6sterilir. Kolayl\u0131k sa\u011flamak amac\u0131yla yerel para birimi kar\u015f\u0131l\u0131klar\u0131n\u0131 g\u00f6sterebiliriz; ancak desteklenen \u00f6deme para birimleri USD, EUR, AUD ve CAD&#039;dir.<\/p>\n\n\n\n<p>5.2. Vergiler (varsa KDV dahil) fatura \u00fclkenize g\u00f6re \u00f6deme sayfas\u0131nda g\u00f6sterilecektir. Kurumsal kullan\u0131c\u0131lardan ek vergi bilgileri istenebilir.<\/p>\n\n\n\n<p>5.3. Fiyatlar\u0131 diledi\u011fimiz zaman de\u011fi\u015ftirebiliriz, ancak de\u011fi\u015fiklikler zaten onaylanm\u0131\u015f sipari\u015fleri etkilemeyecektir.<\/p>\n\n\n\n<h1 class=\"wp-block-heading\">6. Sipari\u015fler ve \u00d6deme<\/h1>\n\n\n\n<p>6.1. Sipari\u015f, Dijital \u0130\u00e7erik veya Kredi\/Token sat\u0131n alma teklifidir. Sipari\u015fi onaylayarak ve i\u00e7eri\u011fi veya kullan\u0131m\u0131 kullan\u0131labilir hale getirerek teklifi kabul ediyoruz.<\/p>\n\n\n\n<p>6.2. \u00dc\u00e7\u00fcnc\u00fc taraf \u00f6deme i\u015flemcileri ve doland\u0131r\u0131c\u0131l\u0131k \u00f6nleme hizmetleri kullan\u0131yoruz. Se\u00e7ti\u011finiz \u00f6deme y\u00f6nteminden \u00fccret tahsil etmeleri ve gerekti\u011finde 3D Secure\/g\u00fc\u00e7l\u00fc m\u00fc\u015fteri kimlik do\u011frulamas\u0131 da dahil olmak \u00fczere gerekli kontrolleri ger\u00e7ekle\u015ftirmeleri i\u00e7in onlara yetki veriyorsunuz.<\/p>\n\n\n\n<p>6.3. Sahtekarl\u0131k i\u00e7erdi\u011finden veya bu \u015eartlar\u0131 ihlal etti\u011finden makul \u015f\u00fcphe duydu\u011fumuz sipari\u015fleri iptal edebilir veya engelleyebiliriz.<\/p>\n\n\n\n<h1 class=\"wp-block-heading\">7. Dijital \u0130\u00e7eri\u011fe Eri\u015fim ve Sunum<\/h1>\n\n\n\n<p>7.1. Dijital \u0130\u00e7erik, Kredi\/Token&#039;lar\u0131n ba\u015far\u0131l\u0131 bir \u015fekilde \u00f6denmesi veya kullan\u0131lmas\u0131 sonras\u0131nda indirme veya hesap eri\u015fimi yoluyla teslim edilir. Aksi belirtilmedik\u00e7e teslimat an\u0131nda ger\u00e7ekle\u015fir.<\/p>\n\n\n\n<p>7.2. Uygun donan\u0131m, yaz\u0131l\u0131m ve ba\u011flant\u0131ya sahip oldu\u011funuzdan emin olmak sizin sorumlulu\u011funuzdad\u0131r.<\/p>\n\n\n\n<h1 class=\"wp-block-heading\">8. Cayma Hakk\u0131, Geri \u00d6demeler ve Hatal\u0131 \u0130\u00e7erik<\/h1>\n\n\n\n<p>8.1. Birle\u015fik Krall\u0131k&#039;taki t\u00fcketicilerin genellikle mesafeli s\u00f6zle\u015fmeleri iptal etme hakk\u0131 14 g\u00fcnd\u00fcr. Ancak, somut bir ortamda sunulmayan dijital i\u00e7erik i\u00e7in, a\u00e7\u0131k r\u0131zan\u0131z\u0131 ve onay\u0131n\u0131z\u0131 verdikten sonra dijital teslimat ba\u015flad\u0131\u011f\u0131 anda iptal hakk\u0131n\u0131z\u0131 kaybedersiniz. Bu r\u0131zay\u0131 \u00f6deme a\u015famas\u0131nda al\u0131yoruz (Ek A&#039;ya bak\u0131n\u0131z).<\/p>\n\n\n\n<p>8.2. Bu durum, Dijital \u0130\u00e7eri\u011fin kusurlu olmas\u0131 halinde yasal haklar\u0131n\u0131z\u0131 etkilemez. \u0130\u00e7erik kusurlu ise, onu onaraca\u011f\u0131z veya de\u011fi\u015ftirece\u011fiz ya da onar\u0131m\/de\u011fi\u015ftirme m\u00fcmk\u00fcn de\u011filse veya ba\u015far\u0131s\u0131z olursa para iadesi yapaca\u011f\u0131z (Ek B&#039;ye bak\u0131n\u0131z).<\/p>\n\n\n\n<p>8.3. Ek iade mekanizmalar\u0131 (\u00e7ift sat\u0131n al\u0131mlar dahil) \u00d6deme ve \u0130ade Politikam\u0131zda belirtilmi\u015ftir.<\/p>\n\n\n\n<h1 class=\"wp-block-heading\">9. Krediler\/Jetonlar<\/h1>\n\n\n\n<p>9.1. Krediler\/Tokenlar, siteye \u00f6zel birimlerdir ve uygun i\u015flemler i\u00e7in (\u00f6rne\u011fin, Dijital \u0130\u00e7erik olu\u015fturma veya indirme) kullan\u0131labilirler.<\/p>\n\n\n\n<p>9.2. Krediler\/Tokenlar yasal \u00f6deme arac\u0131, elektronik para, hediye kart\u0131 veya menkul k\u0131ymet de\u011fildir ve faiz getirmezler. Devredilemez ve \u00e7ekilemezler.<\/p>\n\n\n\n<p>9.3. Kullan\u0131lmam\u0131\u015f Krediler\/Tokenlar, yaln\u0131zca tamamen kullan\u0131lmam\u0131\u015f olmalar\u0131 ko\u015fuluyla, yasal cayma s\u00fcresi i\u00e7inde iade edilebilir. Kullan\u0131lm\u0131\u015f Krediler\/Tokenlar iade edilmez.<\/p>\n\n\n\n<p>9.4. Kullan\u0131m kurallar\u0131, ge\u00e7erlilik s\u00fcreleri ve k\u00f6t\u00fcye kullan\u0131m \u00f6nleme limitleri belirleyebiliriz. Bu t\u00fcr \u015fartlar Sitede veya sat\u0131n alma s\u0131ras\u0131nda a\u00e7\u0131klanacakt\u0131r.<\/p>\n\n\n\n<h1 class=\"wp-block-heading\">10. Dijital \u0130\u00e7eri\u011fi Kullanma Lisans\u0131<\/h1>\n\n\n\n<p>10.1. Tam \u00f6deme yap\u0131lmas\u0131 ve bu \u015eartlara uyulmas\u0131 ko\u015fuluyla, sat\u0131n al\u0131nan Dijital \u0130\u00e7eri\u011fi ki\u015fisel ve profesyonel projelerinizde kullanman\u0131z, \u00e7o\u011faltman\u0131z ve sergilemeniz i\u00e7in size m\u00fcnhas\u0131r olmayan, d\u00fcnya \u00e7ap\u0131nda, s\u00fcresiz bir lisans veriyoruz.<\/p>\n\n\n\n<p>10.2. Yasaklanm\u0131\u015f kullan\u0131mlar:<\/p>\n\n\n\n<p>&nbsp;&nbsp; (a) Dijital \u0130\u00e7eri\u011fin ba\u011f\u0131ms\u0131z bir dosya olarak veya rakip bir stok\/medya k\u00fct\u00fcphanesinin par\u00e7as\u0131 olarak yeniden sat\u0131lmas\u0131 veya da\u011f\u0131t\u0131lmas\u0131;<\/p>\n\n\n\n<p>&nbsp;&nbsp; (b) \u00fc\u00e7\u00fcnc\u00fc \u015fah\u0131s haklar\u0131n\u0131 (ticari markalar, tan\u0131t\u0131m\/gizlilik haklar\u0131 veya manevi haklar dahil) ihlal edecek herhangi bir \u015fekilde kullanmak;<\/p>\n\n\n\n<p>&nbsp;&nbsp; (c) Yasad\u0131\u015f\u0131, iftira niteli\u011finde veya ayr\u0131mc\u0131 materyallerde kullan\u0131lmas\u0131;<\/p>\n\n\n\n<p>&nbsp;&nbsp; (d) Site taraf\u0131ndan belirli bir varl\u0131k i\u00e7in a\u00e7\u0131k\u00e7a izin verilmedik\u00e7e, yapay zeka modellerinin e\u011fitilmesi veya yeniden e\u011fitilmesi.<\/p>\n\n\n\n<p>10.3. 250.000 adetten fazla bask\u0131 sipari\u015fleri veya b\u00fcy\u00fck \u00f6l\u00e7ekli d\u0131\u015f mekan\/ticari \u00fcr\u00fcn sat\u0131\u015flar\u0131 i\u00e7in l\u00fctfen geni\u015fletilmi\u015f lisans almak \u00fczere bizimle ileti\u015fime ge\u00e7in.<\/p>\n\n\n\n<p>10.4. Dijital \u0130\u00e7eriklerin \u00f6zg\u00fcn oldu\u011funu veya di\u011fer m\u00fc\u015fteriler taraf\u0131ndan kullan\u0131lmayaca\u011f\u0131n\u0131 garanti etmiyoruz.<\/p>\n\n\n\n<h1 class=\"wp-block-heading\">11. Kullan\u0131c\u0131 \u0130\u00e7eri\u011fi ve \u0130stemler<\/h1>\n\n\n\n<p>11.1. \u0130stekler, metin veya di\u011fer i\u00e7erikler g\u00f6nderirseniz, bu girdileri hizmetleri sa\u011flamak ve yasalara uymak i\u00e7in i\u015fleme lisans\u0131 vermi\u015f olursunuz. Girdilerinizin yasall\u0131\u011f\u0131ndan siz sorumlu olmaya devam edersiniz.<\/p>\n\n\n\n<p>11.2. Yasa d\u0131\u015f\u0131, fikri m\u00fclkiyet haklar\u0131n\u0131 ihlal eden, \u00e7ocuklar\u0131 istismar eden veya gizlilik ya da tan\u0131t\u0131m haklar\u0131n\u0131 ihlal eden i\u00e7erikleri y\u00fcklememeli veya talep etmemelisiniz.<\/p>\n\n\n\n<p>11.3. Bu \u015eartlar\u0131n ihlal edildi\u011fine makul bir \u015fekilde inand\u0131\u011f\u0131m\u0131z durumlarda i\u00e7eri\u011fi ask\u0131ya alabilir veya kald\u0131rabilir ve\/veya eri\u015fimi sonland\u0131rabiliriz.<\/p>\n\n\n\n<h1 class=\"wp-block-heading\">12. Fikri M\u00fclkiyet<\/h1>\n\n\n\n<p>12.1. Madde 10&#039;da verilen s\u0131n\u0131rl\u0131 lisans d\u0131\u015f\u0131nda, Site, yaz\u0131l\u0131m\u0131, modelleri ve i\u00e7eri\u011fine ili\u015fkin t\u00fcm haklar bize ve lisans verenlerimize aittir.<\/p>\n\n\n\n<p>12.2. Herhangi bir dolayl\u0131 lisans verilmemektedir.<\/p>\n\n\n\n<h1 class=\"wp-block-heading\">13. Bildirim ve Kald\u0131rma<\/h1>\n\n\n\n<p>13.1. Sitedeki i\u00e7eri\u011fin haklar\u0131n\u0131z\u0131 ihlal etti\u011fine inan\u0131yorsan\u0131z, l\u00fctfen info@visual-foundry.com adresine a\u015fa\u011f\u0131daki bilgileri i\u00e7eren bir e-posta g\u00f6nderin:<\/p>\n\n\n\n<p>&nbsp;&nbsp; (a) i\u00e7eri\u011fin ve URL&#039;sinin tan\u0131mlanmas\u0131;<\/p>\n\n\n\n<p>&nbsp;&nbsp; (b) haklar\u0131n\u0131z\u0131n ve bu haklar\u0131n neden ihlal edildi\u011fine inand\u0131\u011f\u0131n\u0131z\u0131n bir a\u00e7\u0131klamas\u0131;<\/p>\n\n\n\n<p>&nbsp;&nbsp; (c) ileti\u015fim bilgileriniz; ve<\/p>\n\n\n\n<p>&nbsp;&nbsp; (d) Bildiriminizin do\u011fru ve iyi niyetle yap\u0131ld\u0131\u011f\u0131na dair bir beyan.<\/p>\n\n\n\n<p>13.2. \u0130nceleme yapaca\u011f\u0131z, gerekti\u011finde a\u00e7\u0131klama isteyece\u011fiz ve uygun olan durumlarda derhal harekete ge\u00e7ece\u011fiz.<\/p>\n\n\n\n<h1 class=\"wp-block-heading\">14. Kabul Edilebilir Kullan\u0131m<\/h1>\n\n\n\n<p>14.1. \u015eunlar\u0131 yapmamal\u0131s\u0131n\u0131z:<\/p>\n\n\n\n<p>&nbsp;&nbsp; (a) Siteyi veya modellerini tersine m\u00fchendislik yoluyla \u00e7\u00f6zmeye \u00e7al\u0131\u015fmak;<\/p>\n\n\n\n<p>&nbsp;&nbsp; (b) g\u00fcvenlik veya eri\u015fim kontrollerini atlatmak;<\/p>\n\n\n\n<p>&nbsp;&nbsp; (c) Siteyi k\u00f6t\u00fc ama\u00e7l\u0131 yaz\u0131l\u0131m, cinsel istismara y\u00f6nelik i\u00e7erik veya di\u011fer yasa d\u0131\u015f\u0131 materyaller \u00fcretmek i\u00e7in kullanmak;<\/p>\n\n\n\n<p>&nbsp;&nbsp; (d) di\u011fer kullan\u0131c\u0131lar\u0131n eri\u015fimini veya Sitenin i\u015fleyi\u015fini engellemek; veya<\/p>\n\n\n\n<p>&nbsp;&nbsp; (e) Kredileri\/Token&#039;lar\u0131 k\u00f6t\u00fcye kullanmak veya fiyatland\u0131rmay\u0131 veya eri\u015fimi manip\u00fcle etmek.<\/p>\n\n\n\n<h1 class=\"wp-block-heading\">15. Ask\u0131ya Alma ve Fesih<\/h1>\n\n\n\n<p>15.1. Sitenin, di\u011fer kullan\u0131c\u0131lar\u0131n veya haklar\u0131m\u0131z\u0131n korunmas\u0131 i\u00e7in makul \u00f6l\u00e7\u00fcde gerekli olmas\u0131 durumunda veya bu \u015eartlar\u0131 ihlal etti\u011finize makul bir \u015fekilde inanmam\u0131z durumunda, size bildirimde bulunarak veya bulunmadan eri\u015fiminizi ask\u0131ya alabilir veya sonland\u0131rabiliriz.<\/p>\n\n\n\n<p>15.2. S\u00f6zle\u015fmenin feshedilmesi durumunda, yasal olarak edinilmi\u015f ve bu \u015eartlara uygun i\u00e7eriklere ili\u015fkin lisanslar\u0131n\u0131z ge\u00e7erlili\u011fini korur; ancak Siteye eri\u015fim ve Krediler\/Token&#039;lar sona erebilir.<\/p>\n\n\n\n<h1 class=\"wp-block-heading\">16. Garanti ve Sorumluluk<\/h1>\n\n\n\n<p>16.1. Site ve Dijital \u0130\u00e7erik, yasal haklar\u0131n\u0131z sakl\u0131 kalmak kayd\u0131yla &quot;oldu\u011fu gibi&quot; sa\u011flanmaktad\u0131r. Kesintisiz veya hatas\u0131z \u00e7al\u0131\u015fma garantisi vermiyoruz.<\/p>\n\n\n\n<p>16.2. Bu \u015eartlardaki hi\u00e7bir \u015fey, ihmal, doland\u0131r\u0131c\u0131l\u0131k veya kanunen hari\u00e7 tutulamayan herhangi bir sorumluluktan kaynaklanan \u00f6l\u00fcm veya ki\u015fisel yaralanma sorumlulu\u011funu ortadan kald\u0131rmaz.<\/p>\n\n\n\n<p>16.3. Madde 16.2&#039;ye tabi olarak ve kanunlar\u0131n izin verdi\u011fi \u00f6l\u00e7\u00fcde, \u015funlardan sorumlu olmayaca\u011f\u0131z: (a) kar, gelir veya i\u015f kayb\u0131; (b) veri kayb\u0131 veya bozulmas\u0131; (c) dolayl\u0131 veya sonu\u00e7sal kay\u0131plar. T\u00fcketiciler i\u00e7in, s\u00f6zle\u015fme ihlalimiz veya ihmalimizden kaynaklanan makul olarak \u00f6ng\u00f6r\u00fclebilir kay\u0131p veya hasardan sorumluyuz.<\/p>\n\n\n\n<p>16.4. Kurumsal Kullan\u0131c\u0131lar i\u00e7in, bu \u015eartlardan kaynaklanan veya bunlarla ba\u011flant\u0131l\u0131 olarak ortaya \u00e7\u0131kan toplam sorumlulu\u011fumuz, (i) 100 \u00a3 veya (ii) talebin ger\u00e7ekle\u015fti\u011fi tarihten \u00f6nceki 12 ay i\u00e7inde ilgili sipari\u015f i\u00e7in taraf\u0131n\u0131zdan \u00f6denen toplam tutarlar\u0131n daha b\u00fcy\u00fc\u011f\u00fcn\u00fc a\u015famaz.<\/p>\n\n\n\n<h1 class=\"wp-block-heading\">17. Bu \u015eartlarda De\u011fi\u015fiklikler<\/h1>\n\n\n\n<p>17.1. Yasal, teknik veya ticari de\u011fi\u015fiklikleri yans\u0131tmak i\u00e7in bu \u015eartlar\u0131 g\u00fcncelleyebiliriz. Yeni s\u00fcr\u00fcm\u00fc g\u00fcncellenmi\u015f y\u00fcr\u00fcrl\u00fck tarihiyle birlikte yay\u0131nlayaca\u011f\u0131z. De\u011fi\u015fiklikler haklar\u0131n\u0131z\u0131 \u00f6nemli \u00f6l\u00e7\u00fcde etkiliyorsa, m\u00fcmk\u00fcn oldu\u011funca e-posta yoluyla veya \u00fcr\u00fcn i\u00e7i bildirimle makul bir s\u00fcre \u00f6nceden haber verece\u011fiz.<\/p>\n\n\n\n<h1 class=\"wp-block-heading\">18. Uygulanacak Hukuk ve Yarg\u0131 Yetkisi<\/h1>\n\n\n\n<p>18.1. Bu \u015eartlar ve s\u00f6zle\u015fme d\u0131\u015f\u0131 ihtilaflar veya talepler, \u0130ngiltere ve Galler yasalar\u0131na tabidir.<\/p>\n\n\n\n<p>18.2. T\u00fcketiciler, zorunlu yasa bu hakk\u0131 sa\u011fl\u0131yorsa, kendi yerel mahkemelerinde dava a\u00e7abilme hakk\u0131 sakl\u0131 kalmak kayd\u0131yla, \u0130ngiltere ve Galler mahkemeleri m\u00fcnhas\u0131r yarg\u0131 yetkisine sahip olacakt\u0131r.<\/p>\n\n\n\n<h1 class=\"wp-block-heading\">19. \u0130leti\u015fim<\/h1>\n\n\n\n<p>Sorular\u0131n\u0131z i\u00e7in l\u00fctfen info@visual-foundry.com adresinden ileti\u015fime ge\u00e7in.<\/p>\n\n\n\n<h1 class=\"wp-block-heading\">Ek A \u2014 An\u0131nda Dijital Tedarike Onay<\/h1>\n\n\n\n<p>\u00d6deme a\u015famas\u0131nda, indirme\/eri\u015fim etkinle\u015ftirilmeden \u00f6nce a\u015fa\u011f\u0131daki onay\u0131 aktif olarak se\u00e7menizi rica ediyoruz:<\/p>\n\n\n\n<p>\u201cDijital i\u00e7eri\u011fe derhal eri\u015fim talep ediyorum ve indirme\/yay\u0131nlama ba\u015flad\u0131ktan sonra T\u00fcketici S\u00f6zle\u015fmeleri Y\u00f6netmeli\u011fi uyar\u0131nca 14 g\u00fcnl\u00fck cayma hakk\u0131m\u0131 kaybedece\u011fimi kabul ediyorum.\u201d<\/p>\n\n\n\n<h1 class=\"wp-block-heading\">Ek B \u2014 Hatal\u0131 Dijital \u0130\u00e7eriklere \u0130li\u015fkin Birle\u015fik Krall\u0131k T\u00fcketici \u00c7\u00f6z\u00fcmlerinin \u00d6zeti<\/h1>\n\n\n\n<p>Dijital i\u00e7erikte bir ar\u0131za varsa, onar\u0131m veya de\u011fi\u015fim hakk\u0131n\u0131z vard\u0131r. Onar\u0131m\/de\u011fi\u015fim m\u00fcmk\u00fcn de\u011filse veya ba\u015far\u0131s\u0131z olursa, 2015 T\u00fcketici Haklar\u0131 Yasas\u0131 uyar\u0131nca fiyat indirimi veya para iadesi alma hakk\u0131n\u0131z olabilir.<\/p>\n\n\n\n<h1 class=\"wp-block-heading\">Ek C \u2014 Kredi\/Jeton \u015eartlar\u0131 (\u00d6zet)<\/h1>\n\n\n\n<ul class=\"wp-block-list\">\n<li>Siteyle s\u0131n\u0131rl\u0131, devredilemez; elektronik para\/hediye kart\u0131\/menkul k\u0131ymet de\u011fildir; faizsizdir.<\/li>\n\n\n\n<li>Yaln\u0131zca site i\u00e7erisinde ge\u00e7erli i\u015flemler i\u00e7in kullan\u0131labilir; k\u00f6t\u00fcye kullan\u0131m \u00f6nleme kurallar\u0131na ve sat\u0131n alma s\u0131ras\u0131nda g\u00f6sterilen ge\u00e7erlilik s\u00fcresine tabidir.<\/li>\n\n\n\n<li>Kullan\u0131lmam\u0131\u015f krediler\/jetonlar yaln\u0131zca yasal cayma s\u00fcresi i\u00e7inde ve tamamen kullan\u0131lmam\u0131\u015f olmalar\u0131 ko\u015fuluyla iade edilebilir.<\/li>\n\n\n\n<li>Hizmet kalitesini korumak veya yasalara uymak i\u00e7in kullan\u0131m se\u00e7eneklerini de\u011fi\u015ftirebiliriz; \u00f6nemli de\u011fi\u015fiklikler m\u00fcmk\u00fcn oldu\u011funca bildirilecektir.<\/li>\n<\/ul>","protected":false},"excerpt":{"rendered":"<p>What Does This Policy Cover TERMS &amp; CONDITIONS Version 1.0 \u2014 Effective: 25 August 2025 Company &amp; Contact Merchant of Record THE REAL DEAL PROVIDERS LTD (&#8220;we&#8221;, &#8220;us&#8221;, &#8220;our&#8221;) Company Number 16108011 (England &amp; Wales) Registered Office Dept 6152, 43 Owston Road, Carcroft, Doncaster, United Kingdom, DN6 8DA Website https:\/\/visual-foundry.com Contact Email info@visual-foundry.com 1. About [&hellip;]<\/p>\n","protected":false},"author":1,"featured_media":0,"parent":0,"menu_order":0,"comment_status":"closed","ping_status":"closed","template":"","meta":{"footnotes":""},"class_list":["post-16302","page","type-page","status-publish","hentry"],"_links":{"self":[{"href":"https:\/\/visual-foundry.com\/tr\/wp-json\/wp\/v2\/pages\/16302","targetHints":{"allow":["GET"]}}],"collection":[{"href":"https:\/\/visual-foundry.com\/tr\/wp-json\/wp\/v2\/pages"}],"about":[{"href":"https:\/\/visual-foundry.com\/tr\/wp-json\/wp\/v2\/types\/page"}],"author":[{"embeddable":true,"href":"https:\/\/visual-foundry.com\/tr\/wp-json\/wp\/v2\/users\/1"}],"replies":[{"embeddable":true,"href":"https:\/\/visual-foundry.com\/tr\/wp-json\/wp\/v2\/comments?post=16302"}],"version-history":[{"count":2,"href":"https:\/\/visual-foundry.com\/tr\/wp-json\/wp\/v2\/pages\/16302\/revisions"}],"predecessor-version":[{"id":17861,"href":"https:\/\/visual-foundry.com\/tr\/wp-json\/wp\/v2\/pages\/16302\/revisions\/17861"}],"wp:attachment":[{"href":"https:\/\/visual-foundry.com\/tr\/wp-json\/wp\/v2\/media?parent=16302"}],"curies":[{"name":"wp","href":"https:\/\/api.w.org\/{rel}","templated":true}]}}