{"id":16305,"date":"2026-02-16T16:57:31","date_gmt":"2026-02-16T16:57:31","guid":{"rendered":"http:\/\/visual-foundry.com\/?page_id=16305"},"modified":"2026-02-18T23:58:48","modified_gmt":"2026-02-18T23:58:48","slug":"cookies-policy","status":"publish","type":"page","link":"https:\/\/visual-foundry.com\/tr\/cookies-policy\/","title":{"rendered":"\u00c7erez Politikas\u0131"},"content":{"rendered":"<p><strong>\u00c7EREZ POL\u0130T\u0130KASI<\/strong><\/p>\n\n\n\n<p>S\u00fcr\u00fcm 1.0 \u2014 Ge\u00e7erlilik tarihi: 25 A\u011fustos 2025<\/p>\n\n\n\n<h1 class=\"wp-block-heading\">\u015eirket ve \u0130leti\u015fim<\/h1>\n\n\n\n<figure class=\"wp-block-table\"><table class=\"has-fixed-layout\"><tbody><tr><td>\u00c7erezlerin sorumlusu (Bizim taraf\u0131m\u0131zdan ayarlanan \u00e7erezlerin denetleyicisi)<\/td><td>THE REAL DEAL PROVIDERS LTD<\/td><\/tr><tr><td>\u015eirket Numaras\u0131<\/td><td>16108011 (\u0130ngiltere ve Galler)<\/td><\/tr><tr><td>Kay\u0131tl\u0131 Ofis<\/td><td>Dept 6152, 43 Owston Road, Carcroft, Doncaster, Birle\u015fik Krall\u0131k, DN6 8DA<\/td><\/tr><tr><td>Web sitesi<\/td><td>https:\/\/visual-foundry.com<\/td><\/tr><tr><td>Temas etmek<\/td><td>info@visual-foundry.com<\/td><\/tr><\/tbody><\/table><\/figure>\n\n\n\n<h1 class=\"wp-block-heading\">1. \u00c7erezler ve Benzeri Teknolojiler Nelerdir?<\/h1>\n\n\n\n<p>\u00c7erezler, bir web sitesini ziyaret etti\u011finizde cihaz\u0131n\u0131za yerle\u015ftirilen k\u00fc\u00e7\u00fck metin dosyalar\u0131d\u0131r. Ayr\u0131ca yerel depolama, SDK depolama, pikseller, etiketler ve cihaz tan\u0131mlay\u0131c\u0131lar\u0131 gibi benzer teknolojileri de kullan\u0131yoruz (topluca &quot;\u00e7erezler&quot;).<\/p>\n\n\n\n<p>\u00c7erezler temel i\u015flevleri (\u00f6rne\u011fin, oturum y\u00f6netimi, g\u00fcvenlik) etkinle\u015ftirir, Sitenin nas\u0131l kullan\u0131ld\u0131\u011f\u0131n\u0131 anlamam\u0131za yard\u0131mc\u0131 olur ve tercihleri hat\u0131rlama ve kampanya performans\u0131n\u0131 \u00f6l\u00e7me gibi \u00f6zellikleri destekler.<\/p>\n\n\n\n<h1 class=\"wp-block-heading\">2. Yasal \u00c7er\u00e7eve ve Se\u00e7enekleriniz<\/h1>\n\n\n\n<p>Birle\u015fik Krall\u0131k Gizlilik ve Elektronik \u0130leti\u015fim Y\u00f6netmelikleri (PECR) ve Birle\u015fik Krall\u0131k GDPR&#039;\u0131na uyuyoruz. Gerekli olmayan \u00e7erezleri yerle\u015ftirmeden \u00f6nce onay\u0131n\u0131z\u0131 al\u0131yoruz. Kesinlikle gerekli \u00e7erezler i\u00e7in onay gerekmez.<\/p>\n\n\n\n<p>\u00c7erez tercihlerinizi diledi\u011finiz zaman \u00e7erez banner&#039;\u0131m\u0131z veya ayarlar\u0131m\u0131z (&quot;\u00c7erez Tercihleri&quot;) arac\u0131l\u0131\u011f\u0131yla y\u00f6netebilirsiniz. Se\u00e7iminiz kaydedilecek ve ayn\u0131 taray\u0131c\u0131dan sonraki ziyaretlerinizde de ge\u00e7erli olacakt\u0131r.<\/p>\n\n\n\n<p>\u00c7erezleri silerseniz veya engellerseniz, sitenin baz\u0131 \u00f6zellikleri d\u00fczg\u00fcn \u00e7al\u0131\u015fmayabilir.<\/p>\n\n\n\n<h1 class=\"wp-block-heading\">3. \u00c7erezleri Nas\u0131l Kullan\u0131yoruz?<\/h1>\n\n\n\n<p>\u00c7erezleri a\u015fa\u011f\u0131daki ama\u00e7larla kullan\u0131yoruz:<\/p>\n\n\n\n<ul class=\"wp-block-list\">\n<li>Temel\/Kesinlikle Gerekli \u2014 sayfa navigasyonu, oturum a\u00e7ma, g\u00fcvenlik ve doland\u0131r\u0131c\u0131l\u0131k \u00f6nleme gibi temel i\u015flevleri etkinle\u015ftirir.<\/li>\n\n\n\n<li>Performans\/Analiz \u2014 Performans\u0131 ve kullan\u0131c\u0131 deneyimini iyile\u015ftirmek i\u00e7in site kullan\u0131m\u0131n\u0131 \u00f6l\u00e7er (toplu istatistikler).<\/li>\n\n\n\n<li>\u0130\u015flevsel\/Tercihler \u2014 tercihlerinizi hat\u0131rlay\u0131n (\u00f6rne\u011fin, dil, para birimi, kullan\u0131c\u0131 aray\u00fcz\u00fc ayarlar\u0131).<\/li>\n\n\n\n<li>Reklam\/Pazarlama \u2014 kampanyalar\u0131 \u00f6l\u00e7\u00fcn ve uygun oldu\u011fu durumlarda ilgi alanlar\u0131n\u0131za y\u00f6nelik reklamlar sunun (yaln\u0131zca sizin onay\u0131n\u0131zla).<\/li>\n\n\n\n<li>G\u00fcvenlik\/Doland\u0131r\u0131c\u0131l\u0131k \u00d6nleme \u2014 botlar\u0131\/k\u00f6t\u00fcye kullan\u0131m\u0131 tespit edin ve hizmet b\u00fct\u00fcnl\u00fc\u011f\u00fcn\u00fc koruyun.<\/li>\n<\/ul>\n\n\n\n<h1 class=\"wp-block-heading\">4. \u00c7erez Kategorileri \u2014 Matrix<\/h1>\n\n\n\n<figure class=\"wp-block-table\"><table class=\"has-fixed-layout\"><tbody><tr><td>Kategori<\/td><td>Ama\u00e7<\/td><td>\u00d6rnekler<\/td><td>Onay Gerekli mi?<\/td><td>Tipik Tutunma<\/td><\/tr><tr><td>Gerekli<\/td><td>Oturum s\u00fcreklili\u011fi, CSRF korumas\u0131, y\u00fck dengeleme<\/td><td>oturum_kimli\u011fi, csrf_token, rota<\/td><td>HAYIR<\/td><td>D\u00f6nem \/ 12 aya kadar<\/td><\/tr><tr><td>Performans\/Analiz<\/td><td>Kullan\u0131m \u00f6l\u00e7\u00fctleri, te\u015fhisler<\/td><td>_ga, _gid, _clck<\/td><td>Evet<\/td><td>26 aya kadar<\/td><\/tr><tr><td>\u0130\u015flevsel\/Tercihler<\/td><td>Se\u00e7enekleri ve para birimini unutmay\u0131n.<\/td><td>para birimi tercihi, yerel ayar, tema<\/td><td>Evet<\/td><td>6\u201324 ay<\/td><\/tr><tr><td>Reklam\/Pazarlama<\/td><td>At\u0131f, reklam eri\u015fimi\/s\u0131kl\u0131\u011f\u0131<\/td><td>_gcl_au, fbp<\/td><td>Evet<\/td><td>3\u201324 ay<\/td><\/tr><tr><td>G\u00fcvenlik\/Doland\u0131r\u0131c\u0131l\u0131k<\/td><td>Bot tespiti, risk puanlamas\u0131<\/td><td>cf_chl_*, turnike_*<\/td><td>Evet (kesinlikle gerekli olmad\u0131k\u00e7a)<\/td><td>12 aya kadar<\/td><\/tr><\/tbody><\/table><\/figure>\n\n\n\n<h1 class=\"wp-block-heading\">5. Taraf\u0131m\u0131zdan Olu\u015fturulan Birinci Taraf \u00c7erezleri<\/h1>\n\n\n\n<p>Bu, temsili bir listedir; canl\u0131 envanter s\u00fcr\u00fcme g\u00f6re de\u011fi\u015fiklik g\u00f6sterebilir. G\u00fcncel envanter i\u00e7in Ek A&#039;ya bak\u0131n\u0131z.<\/p>\n\n\n\n<figure class=\"wp-block-table\"><table class=\"has-fixed-layout\"><tbody><tr><td>\u0130sim<\/td><td>Ama\u00e7<\/td><td>S\u00fcre<\/td><td>Kategori<\/td><\/tr><tr><td>vf_oturum<\/td><td>Oturum a\u00e7\u0131kken oturumu s\u00fcrd\u00fcr\u00fcn ve istekleri y\u00f6nlendirin.<\/td><td>Oturum<\/td><td>Gerekli<\/td><\/tr><tr><td>vf_csrf<\/td><td>Formlar ve API \u00e7a\u011fr\u0131lar\u0131 i\u00e7in CSRF korumas\u0131<\/td><td>Oturum<\/td><td>Gerekli<\/td><\/tr><tr><td>vf_cookie_consent<\/td><td>\u00c7erez tercihlerinizi kaydedin<\/td><td>12 ay<\/td><td>Gerekli<\/td><\/tr><tr><td>vf_para birimi<\/td><td>Para birimi se\u00e7imini unutmay\u0131n (USD\/EUR\/AUD\/CAD)<\/td><td>12 ay<\/td><td>\u0130\u015flevsel\/Tercihler<\/td><\/tr><tr><td>vf_ui_prefs<\/td><td>Tema\/dil gibi kullan\u0131c\u0131 aray\u00fcz\u00fc ayarlar\u0131n\u0131 hat\u0131rlay\u0131n.<\/td><td>12 ay<\/td><td>\u0130\u015flevsel\/Tercihler<\/td><\/tr><\/tbody><\/table><\/figure>\n\n\n\n<h1 class=\"wp-block-heading\">6. \u00dc\u00e7\u00fcnc\u00fc Taraf \u00c7erezleri ve Sa\u011flay\u0131c\u0131lar\u0131<\/h1>\n\n\n\n<p>\u00dc\u00e7\u00fcnc\u00fc taraf hizmetlerini (\u00f6rne\u011fin, analiz, CDN, doland\u0131r\u0131c\u0131l\u0131k \u00f6nleme, pazarlama) kullanabiliriz. Bu sa\u011flay\u0131c\u0131lar \u00e7erez yerle\u015ftirdi\u011finde, ba\u011f\u0131ms\u0131z denetleyici veya i\u015flemci olarak hareket ederler. Gerekli olmayan \u00fc\u00e7\u00fcnc\u00fc taraf \u00e7erezleri yaln\u0131zca sizin onay\u0131n\u0131zla kullan\u0131l\u0131r.<\/p>\n\n\n\n<figure class=\"wp-block-table\"><table class=\"has-fixed-layout\"><tbody><tr><td>Sa\u011flay\u0131c\u0131<\/td><td>Hizmet\/Ama\u00e7<\/td><td>\u00c7erez \u00d6rnekleri<\/td><td>Kategori<\/td><td>Ba\u011flant\u0131 \/ Kontroller<\/td><\/tr><tr><td>Analiz sa\u011flay\u0131c\u0131s\u0131 (\u00f6rne\u011fin, Google Analytics)<\/td><td>Kullan\u0131m analizi ve te\u015fhisleri<\/td><td>_ga, _gid, _gat<\/td><td>Performans\/Analiz<\/td><td>\u00c7erez Tercihlerinde devre d\u0131\u015f\u0131 b\u0131rak\u0131n; sa\u011flay\u0131c\u0131n\u0131n devre d\u0131\u015f\u0131 b\u0131rakma ara\u00e7lar\u0131 da ge\u00e7erli olabilir.<\/td><\/tr><tr><td>Doland\u0131r\u0131c\u0131l\u0131k \u00f6nleme (\u00f6rne\u011fin, Cloudflare Turnstile\/ReCAPTCHA)<\/td><td>Bot tespiti ve g\u00fcvenli\u011fi<\/td><td>cf_chl_*, _grecaptcha<\/td><td>G\u00fcvenlik\/Doland\u0131r\u0131c\u0131l\u0131k<\/td><td>\u00c7erez Tercihleri arac\u0131l\u0131\u011f\u0131yla kontroller (zorunlu olmayan durumlarda)<\/td><\/tr><tr><td>Pazarlama\/At\u0131f<\/td><td>Kampanyalar\u0131 \u00f6l\u00e7\u00fcn, reklam ili\u015fkilendirmesini yap\u0131n<\/td><td>_gcl_au, _fbp<\/td><td>Reklam\/Pazarlama<\/td><td>\u00c7erez Tercihlerinde Devre D\u0131\u015f\u0131 B\u0131rak<\/td><\/tr><tr><td>CDN\/Medya<\/td><td>Performans ve i\u00e7erik da\u011f\u0131t\u0131m\u0131<\/td><td>CDN \u00f6nbellek kimlikleri<\/td><td>Temel\/Performans<\/td><td>Taraf\u0131m\u0131zdan y\u00f6netilir; kesinlikle gerekli oldu\u011fu durumlarda zorunludur.<\/td><\/tr><\/tbody><\/table><\/figure>\n\n\n\n<p>Not: Kullan\u0131lan belirli sat\u0131c\u0131lar ve \u00e7erezler zaman i\u00e7inde de\u011fi\u015febilir. Mevcut envanteri yans\u0131tmak i\u00e7in Ek A&#039;y\u0131 periyodik olarak g\u00fcncelleyece\u011fiz.<\/p>\n\n\n\n<h1 class=\"wp-block-heading\">7. Tercihlerinizi Y\u00f6netme<\/h1>\n\n\n\n<p>\u2022 \u00c7erez Tercihleri kontrol\u00fcn\u00fc banner veya altbilgide kullanarak istedi\u011finiz zaman kategorileri kabul edebilir\/reddedebilirsiniz.<\/p>\n\n\n\n<p>\u2022 Ayr\u0131ca taray\u0131c\u0131n\u0131z\u0131 \u00e7erezleri engellemek veya \u00e7erezler ayarland\u0131\u011f\u0131nda sizi uyarmak \u00fczere ayarlayabilirsiniz. \u00c7erezleri engellerseniz, Sitenin baz\u0131 b\u00f6l\u00fcmleri d\u00fczg\u00fcn \u00e7al\u0131\u015fmayabilir.<\/p>\n\n\n\n<p>\u2022 Tercihler taray\u0131c\u0131ya ve cihaza \u00f6zeldir. \u00c7erezleri silmek, kaydedilmi\u015f tercihlerinizi de silecektir.<\/p>\n\n\n\n<p>\u2022 \u015eu anda &quot;\u0130zleme Engelle&quot; (DNT) sinyallerine yan\u0131t vermiyoruz. Gelecekte ek taray\u0131c\u0131 d\u00fczeyinde sinyalleri (\u00f6rne\u011fin, GPC) desteklersek, bu Politikay\u0131 g\u00fcncelleyece\u011fiz.<\/p>\n\n\n\n<h1 class=\"wp-block-heading\">8. Uluslararas\u0131 Transferler ve \u00dc\u00e7\u00fcnc\u00fc Taraflar<\/h1>\n\n\n\n<p>\u00c7erezlerin ki\u015fisel verilerin Birle\u015fik Krall\u0131k d\u0131\u015f\u0131na aktar\u0131lmas\u0131na yol a\u00e7t\u0131\u011f\u0131 durumlarda, uygun g\u00fcvenlik \u00f6nlemlerini (\u00f6rne\u011fin, Birle\u015fik Krall\u0131k Veri Gizlili\u011fi Yasas\u0131 veya Standart S\u00f6zle\u015fme Maddelerine Birle\u015fik Krall\u0131k Ek S\u00f6zle\u015fmesi) ve tedarik\u00e7i durum tespitini uyguluyoruz.<\/p>\n\n\n\n<h1 class=\"wp-block-heading\">9. \u00c7ocuklar<\/h1>\n\n\n\n<p>Bu site 18 ya\u015f ve \u00fczeri kullan\u0131c\u0131lar i\u00e7in tasarlanm\u0131\u015ft\u0131r. \u00c7ocuklar\u0131n profilini \u00e7\u0131karmak amac\u0131yla bilerek \u00e7erez kullanm\u0131yoruz.<\/p>\n\n\n\n<h1 class=\"wp-block-heading\">10. Bu Politikada De\u011fi\u015fiklikler<\/h1>\n\n\n\n<p>Bu Politikay\u0131 zaman zaman, \u00f6rne\u011fin yasalardaki, teknolojideki veya \u00e7erez kullan\u0131m\u0131m\u0131zdaki de\u011fi\u015fiklikleri yans\u0131tmak i\u00e7in g\u00fcncelleyebiliriz. G\u00fcncellenmi\u015f s\u00fcr\u00fcm\u00fc yeni bir y\u00fcr\u00fcrl\u00fck tarihiyle birlikte yay\u0131nlayaca\u011f\u0131z.<\/p>\n\n\n\n<h1 class=\"wp-block-heading\">11. \u0130leti\u015fim<\/h1>\n\n\n\n<p>Bu Politika veya \u00e7erez uygulamalar\u0131m\u0131zla ilgili sorular\u0131n\u0131z i\u00e7in: info@visual-foundry.com<\/p>\n\n\n\n<h1 class=\"wp-block-heading\">Ek A \u2014 Mevcut \u00c7erez Envanteri (Operasyonlar taraf\u0131ndan tutulacakt\u0131r)<\/h1>\n\n\n\n<p>Bu ek, etiketler veya tedarik\u00e7iler de\u011fi\u015fti\u011finde g\u00fcncellenmelidir. \u00dcretim ortamlar\u0131nda g\u00f6zlemlenen canl\u0131 \u00e7erezleri listeler.<\/p>\n\n\n\n<figure class=\"wp-block-table\"><table class=\"has-fixed-layout\"><tbody><tr><td>\u0130sim<\/td><td>Sa\u011flay\u0131c\u0131<\/td><td>Ama\u00e7<\/td><td>Kategori<\/td><td>S\u00fcre<\/td><td>Onay Gerekli mi?<\/td><\/tr><tr><td>vf_oturum<\/td><td>g\u00f6rsel-foundry.com<\/td><td>Oturum a\u00e7\u0131k kals\u0131n.<\/td><td>Gerekli<\/td><td>Oturum<\/td><td>HAYIR<\/td><\/tr><tr><td>vf_cookie_consent<\/td><td>g\u00f6rsel-foundry.com<\/td><td>\u00c7erez tercihlerini sakla<\/td><td>Gerekli<\/td><td>12 ay<\/td><td>HAYIR<\/td><\/tr><tr><td>_ga<\/td><td>Analitik sa\u011flay\u0131c\u0131s\u0131<\/td><td>Kullan\u0131m analizi<\/td><td>Performans\/Analiz<\/td><td>13 ay (tipik)<\/td><td>Evet<\/td><\/tr><tr><td>_gcl_au<\/td><td>Pazarlama sa\u011flay\u0131c\u0131s\u0131<\/td><td>Reklam atf\u0131<\/td><td>Reklam\/Pazarlama<\/td><td>3 ay (tipik)<\/td><td>Evet<\/td><\/tr><tr><td>cf_chl_*<\/td><td>Doland\u0131r\u0131c\u0131l\u0131k \u00f6nleme sa\u011flay\u0131c\u0131s\u0131<\/td><td>Bot tespiti<\/td><td>G\u00fcvenlik\/Doland\u0131r\u0131c\u0131l\u0131k<\/td><td>12 aya kadar<\/td><td>Duruma ba\u011fl\u0131 (\u00e7o\u011funlukla evet)<\/td><\/tr><\/tbody><\/table><\/figure>\n\n\n\n<h1 class=\"wp-block-heading\">Ek B \u2014 Onay Kayd\u0131 (Onay Belgesi)<\/h1>\n\n\n\n<p>Onay Y\u00f6netim Platformumuz (CMP) \u015funlar\u0131 saklar: (a) banner&#039;\u0131n zaman damgas\u0131 ve s\u00fcr\u00fcm\u00fc; (b) kategoriye g\u00f6re kullan\u0131c\u0131 se\u00e7imleri; (c) cihaz\/taray\u0131c\u0131 tan\u0131mlay\u0131c\u0131lar\u0131; ve (d) uygulanabilir durumlarda \u00fclke \u00e7\u0131kar\u0131m\u0131. Denetim ve uyumluluk amac\u0131yla onay kay\u0131tlar\u0131n\u0131 24 aya kadar sakl\u0131yoruz.<\/p>\n\n\n\n<h1 class=\"wp-block-heading\">Ek C \u2014 Geli\u015ftirici ve Pazarlama Etiketleme K\u0131lavuzu<\/h1>\n\n\n\n<p>\u2022 T\u00fcm gereksiz etiketler CMP \u00fczerinden y\u00f6nlendirilmeli ve yaln\u0131zca onay al\u0131nd\u0131ktan sonra tetiklenmelidir.<\/p>\n\n\n\n<p>\u2022 M\u00fcmk\u00fcn olan yerlerde sunucu taraf\u0131 etiketleme kullanarak istemci taraf\u0131ndaki tan\u0131mlay\u0131c\u0131lar\u0131 en aza indirin.<\/p>\n\n\n\n<p>\u2022 Yeni \u00fc\u00e7\u00fcnc\u00fc taraf etiketleri i\u00e7in bir de\u011fi\u015fiklik g\u00fcnl\u00fc\u011f\u00fc tutun (sahip, ama\u00e7, veri alanlar\u0131, i\u015fleme \u00fclkesi, DPA durumu).<\/p>\n\n\n\n<p>\u2022 Tedarik\u00e7i eklemeden \u00f6nce, (gerekliyse) bir Veri Koruma Etki De\u011ferlendirmesi (DPIA) tamamlay\u0131n ve Birle\u015fik Krall\u0131k d\u0131\u015f\u0131ndaki t\u00fcm i\u015flemler i\u00e7in aktar\u0131m g\u00fcvenlik \u00f6nlemlerinin al\u0131nd\u0131\u011f\u0131ndan emin olun.<\/p>","protected":false},"excerpt":{"rendered":"<p>COOKIE POLICY Version 1.0 \u2014 Effective: 25 August 2025 Company &amp; Contact Merchant of Record (Controller for cookies set by us) THE REAL DEAL PROVIDERS LTD Company Number 16108011 (England &amp; Wales) Registered Office Dept 6152, 43 Owston Road, Carcroft, Doncaster, United Kingdom, DN6 8DA Website https:\/\/visual-foundry.com Contact info@visual-foundry.com 1. What Are Cookies and Similar [&hellip;]<\/p>\n","protected":false},"author":1,"featured_media":0,"parent":0,"menu_order":0,"comment_status":"closed","ping_status":"closed","template":"","meta":{"footnotes":""},"class_list":["post-16305","page","type-page","status-publish","hentry"],"_links":{"self":[{"href":"https:\/\/visual-foundry.com\/tr\/wp-json\/wp\/v2\/pages\/16305","targetHints":{"allow":["GET"]}}],"collection":[{"href":"https:\/\/visual-foundry.com\/tr\/wp-json\/wp\/v2\/pages"}],"about":[{"href":"https:\/\/visual-foundry.com\/tr\/wp-json\/wp\/v2\/types\/page"}],"author":[{"embeddable":true,"href":"https:\/\/visual-foundry.com\/tr\/wp-json\/wp\/v2\/users\/1"}],"replies":[{"embeddable":true,"href":"https:\/\/visual-foundry.com\/tr\/wp-json\/wp\/v2\/comments?post=16305"}],"version-history":[{"count":2,"href":"https:\/\/visual-foundry.com\/tr\/wp-json\/wp\/v2\/pages\/16305\/revisions"}],"predecessor-version":[{"id":17862,"href":"https:\/\/visual-foundry.com\/tr\/wp-json\/wp\/v2\/pages\/16305\/revisions\/17862"}],"wp:attachment":[{"href":"https:\/\/visual-foundry.com\/tr\/wp-json\/wp\/v2\/media?parent=16305"}],"curies":[{"name":"wp","href":"https:\/\/api.w.org\/{rel}","templated":true}]}}