{"id":1642,"date":"2025-05-26T09:48:02","date_gmt":"2025-05-26T09:48:02","guid":{"rendered":"https:\/\/dreamslab.bravisthemes.com\/?page_id=1642"},"modified":"2026-03-10T10:12:23","modified_gmt":"2026-03-10T10:12:23","slug":"faqs","status":"publish","type":"page","link":"https:\/\/visual-foundry.com\/tr\/faqs\/","title":{"rendered":"S\u0131k\u00e7a Sorulan Sorular"},"content":{"rendered":"<div data-elementor-type=\"wp-page\" data-elementor-id=\"1642\" class=\"elementor elementor-1642\" data-elementor-post-type=\"page\">\n\t\t\t\t<div class=\"elementor-element elementor-element-7349453 e-flex e-con-boxed pxl-row-scroll-none pxl-column-none pxl-full-content-with-space-none e-con e-parent\" data-id=\"7349453\" data-element_type=\"container\">\t\t\t<div class=\"e-con-inner\">\r\n\t\t<div class=\"elementor-element elementor-element-ea4b33d e-con-full wow PXLfadeInUp e-flex pxl-row-scroll-none pxl-column-none pxl-full-content-with-space-none e-con e-child\" data-id=\"ea4b33d\" data-element_type=\"container\">\t\t<div class=\"elementor-element elementor-element-b56d878 elementor-widget elementor-widget-pxl_heading\" data-id=\"b56d878\" data-element_type=\"widget\" data-widget_type=\"pxl_heading.default\">\n\t\t\t\t<div class=\"elementor-widget-container\">\n\t\t\t\t\t\n<div id=\"pxl-pxl_heading-b56d878-7022\" \n\tclass=\"pxl-heading  px-sub-title-default style-default-style\" \n\tdata-pxl-parallax='{&quot;x&quot;:0,&quot;y&quot;:0,&quot;z&quot;:0}'>\n\t<div class=\"pxl-heading--inner\">\n\t\t\n\t\t<h3 class=\"pxl-item--title  style-default\" data-wow-delay=\"ms\" data-setting=\"\">\n\t\t\t\t\tSSS\t\n\t\t\t\n\t\t<\/h3>\n\n\t<\/div>\n<\/div>\t\t\t\t<\/div>\n\t\t\t\t<\/div>\n\t\t\t\t<div class=\"elementor-element elementor-element-a22a095 elementor-widget elementor-widget-pxl_divider\" data-id=\"a22a095\" data-element_type=\"widget\" data-widget_type=\"pxl_divider.default\">\n\t\t\t\t<div class=\"elementor-widget-container\">\n\t\t\t\t\t<div class=\"pxl-divider horizontal animated normal\"><div class=\"pxl-divider-separator\"><\/div><\/div>\t\t\t\t<\/div>\n\t\t\t\t<\/div>\n\t\t\t\t<div class=\"elementor-element elementor-element-6e7dcdb elementor-widget elementor-widget-pxl_accordion\" data-id=\"6e7dcdb\" data-element_type=\"widget\" data-widget_type=\"pxl_accordion.default\">\n\t\t\t\t<div class=\"elementor-widget-container\">\n\t\t\t\t\t \r\n    <div class=\"pxl-accordion pxl-accordion1 style2\" data-wow-delay=\"ms\">\r\n                    <div id=\"accordion-image-1\" class=\"pxl--item\">\r\n                <h5 class=\"pxl-accordion--title\" data-target=\"#pxl_accordion-6e7dcdb-2259-1595864\">\r\n                                <span class=\"pxl-title--text pxl-pr-20\">Yapay zek\u00e2 taraf\u0131ndan \u00fcretilen sanat nedir?<\/span>\r\n\r\n                <i class=\"fas fa-angle-down\"><\/i>\r\n                 \r\n\r\n                \r\n                <\/h5>\r\n                <div id=\"pxl_accordion-6e7dcdb-2259-1595864\" class=\"pxl-accordion--content\" >\r\n                                                                                                                        Yapay zek\u00e2 taraf\u0131ndan \u00fcretilen sanat, metin komutlar\u0131n\u0131 veya parametreleri yorumlayarak benzersiz g\u00f6r\u00fcnt\u00fcler \u00fcreten yapay zek\u00e2 ara\u00e7lar\u0131 kullan\u0131larak olu\u015fturulan g\u00f6rsel i\u00e7eriktir.<br \/>\n<br \/>\n                                                                <div class=\"pxl-item--social\">\r\n                                             <\/div>\r\n                                            <\/div>\r\n        <\/div>\r\n                <div id=\"accordion-image-2\" class=\"pxl--item\">\r\n                <h5 class=\"pxl-accordion--title\" data-target=\"#pxl_accordion-6e7dcdb-2259-92859f9\">\r\n                                <span class=\"pxl-title--text pxl-pr-20\">G\u00f6rselleri ticari ama\u00e7larla kullanabilir miyim?<\/span>\r\n\r\n                <i class=\"fas fa-angle-down\"><\/i>\r\n                 \r\n\r\n                \r\n                <\/h5>\r\n                <div id=\"pxl_accordion-6e7dcdb-2259-92859f9\" class=\"pxl-accordion--content\" >\r\n                                                                                                                        Evet! Sat\u0131n ald\u0131\u011f\u0131n\u0131z veya indirdi\u011finiz t\u00fcm g\u00f6rseller, web siteleri, reklamlar, sosyal medya ve \u00fcr\u00fcnler de dahil olmak \u00fczere hem ki\u015fisel hem de ticari kullan\u0131m i\u00e7in lisansl\u0131d\u0131r.<br \/>\n<br \/>\n                                                                <div class=\"pxl-item--social\">\r\n                                             <\/div>\r\n                                            <\/div>\r\n        <\/div>\r\n                <div id=\"accordion-image-3\" class=\"pxl--item\">\r\n                <h5 class=\"pxl-accordion--title\" data-target=\"#pxl_accordion-6e7dcdb-2259-b635e18\">\r\n                                <span class=\"pxl-title--text pxl-pr-20\">Bu g\u00f6rseli sadece ben mi kullanaca\u011f\u0131m?<\/span>\r\n\r\n                <i class=\"fas fa-angle-down\"><\/i>\r\n                 \r\n\r\n                \r\n                <\/h5>\r\n                <div id=\"pxl_accordion-6e7dcdb-2259-b635e18\" class=\"pxl-accordion--content\" >\r\n                                                                                                                        Her g\u00f6rsel benzersiz \u015fekilde olu\u015fturulmu\u015ftur, ancak \u00f6zel olarak i\u015faretlenmedi\u011fi s\u00fcrece yaln\u0131zca size \u00f6zel olmayabilir. \u00d6zel kullan\u0131m haklar\u0131 i\u00e7in l\u00fctfen do\u011frudan bizimle ileti\u015fime ge\u00e7in.<br \/>\n<br \/>\n                                                                <div class=\"pxl-item--social\">\r\n                                             <\/div>\r\n                                            <\/div>\r\n        <\/div>\r\n                <div id=\"accordion-image-4\" class=\"pxl--item\">\r\n                <h5 class=\"pxl-accordion--title\" data-target=\"#pxl_accordion-6e7dcdb-2259-a19a6fa\">\r\n                                <span class=\"pxl-title--text pxl-pr-20\">Sat\u0131n alma i\u015fleminden sonra g\u00f6rseli nas\u0131l alabilirim?<\/span>\r\n\r\n                <i class=\"fas fa-angle-down\"><\/i>\r\n                 \r\n\r\n                \r\n                <\/h5>\r\n                <div id=\"pxl_accordion-6e7dcdb-2259-a19a6fa\" class=\"pxl-accordion--content\" >\r\n                                                                                                                        \u00d6deme tamamland\u0131ktan sonra, web sitesinde ve e-posta yoluyla an\u0131nda indirme ba\u011flant\u0131s\u0131 alacaks\u0131n\u0131z.<br \/>\n<br \/>\n                                                                <div class=\"pxl-item--social\">\r\n                                             <\/div>\r\n                                            <\/div>\r\n        <\/div>\r\n                <div id=\"accordion-image-5\" class=\"pxl--item  active\">\r\n                <h5 class=\"pxl-accordion--title\" data-target=\"#pxl_accordion-6e7dcdb-2259-63ade63\">\r\n                                <span class=\"pxl-title--text pxl-pr-20\">\u00d6zel g\u00f6rseller talep edebilir miyim?<\/span>\r\n\r\n                <i class=\"fas fa-angle-down\"><\/i>\r\n                 \r\n\r\n                \r\n                <\/h5>\r\n                <div id=\"pxl_accordion-6e7dcdb-2259-63ade63\" class=\"pxl-accordion--content\" style=\"display: block;\">\r\n                                                                                                                        Kesinlikle. Fikirlerinize veya isteklerinize g\u00f6re \u00f6zel g\u00f6rseller olu\u015fturuyoruz. \u0130leti\u015fim formunu kullanarak veya do\u011frudan bize e-posta g\u00f6ndererek bizimle ileti\u015fime ge\u00e7ebilirsiniz.<br \/>\n<br \/>\n                                                                <div class=\"pxl-item--social\">\r\n                                             <\/div>\r\n                                            <\/div>\r\n        <\/div>\r\n    <\/div>\r\n\t\t\t\t<\/div>\n\t\t\t\t<\/div>\n\t\t\t\t<\/div>\r\n\t\t\t\t\t<\/div>\r\n\t\t\t\t<\/div>\r\n\t\t\t\t<\/div>","protected":false},"excerpt":{"rendered":"<p>FAQ What is AI-generated art? AI-generated art is visual content created using artificial intelligence tools that interpret text prompts or parameters to generate unique images. Can I use the images for commercial purposes? Yes! All images you purchase or download are licensed for both personal and commercial use \u2014 including websites, ads, social media, and [&hellip;]<\/p>\n","protected":false},"author":1,"featured_media":0,"parent":0,"menu_order":0,"comment_status":"closed","ping_status":"closed","template":"","meta":{"footnotes":""},"class_list":["post-1642","page","type-page","status-publish","hentry"],"_links":{"self":[{"href":"https:\/\/visual-foundry.com\/tr\/wp-json\/wp\/v2\/pages\/1642","targetHints":{"allow":["GET"]}}],"collection":[{"href":"https:\/\/visual-foundry.com\/tr\/wp-json\/wp\/v2\/pages"}],"about":[{"href":"https:\/\/visual-foundry.com\/tr\/wp-json\/wp\/v2\/types\/page"}],"author":[{"embeddable":true,"href":"https:\/\/visual-foundry.com\/tr\/wp-json\/wp\/v2\/users\/1"}],"replies":[{"embeddable":true,"href":"https:\/\/visual-foundry.com\/tr\/wp-json\/wp\/v2\/comments?post=1642"}],"version-history":[{"count":6,"href":"https:\/\/visual-foundry.com\/tr\/wp-json\/wp\/v2\/pages\/1642\/revisions"}],"predecessor-version":[{"id":17926,"href":"https:\/\/visual-foundry.com\/tr\/wp-json\/wp\/v2\/pages\/1642\/revisions\/17926"}],"wp:attachment":[{"href":"https:\/\/visual-foundry.com\/tr\/wp-json\/wp\/v2\/media?parent=1642"}],"curies":[{"name":"wp","href":"https:\/\/api.w.org\/{rel}","templated":true}]}}