{"id":204,"date":"2025-05-15T06:42:44","date_gmt":"2025-05-15T06:42:44","guid":{"rendered":"https:\/\/dreamslab.bravisthemes.com\/?page_id=204"},"modified":"2026-03-10T10:13:08","modified_gmt":"2026-03-10T10:13:08","slug":"about-us","status":"publish","type":"page","link":"https:\/\/visual-foundry.com\/tr\/about-us\/","title":{"rendered":"Hakk\u0131m\u0131zda"},"content":{"rendered":"<div data-elementor-type=\"wp-page\" data-elementor-id=\"204\" class=\"elementor elementor-204\" data-elementor-post-type=\"page\">\n\t\t\t\t<div class=\"elementor-element elementor-element-a637073 e-con-full e-flex pxl-row-scroll-none pxl-column-none pxl-full-content-with-space-none e-con e-parent\" data-id=\"a637073\" data-element_type=\"container\" data-settings=\"{&quot;background_background&quot;:&quot;classic&quot;}\">\t\t<div class=\"elementor-element elementor-element-16cb496 elementor-widget elementor-widget-pxl_divider\" data-id=\"16cb496\" data-element_type=\"widget\" data-widget_type=\"pxl_divider.default\">\n\t\t\t\t<div class=\"elementor-widget-container\">\n\t\t\t\t\t<div class=\"pxl-divider horizontal animated fast\"><div class=\"pxl-divider-separator\"><\/div><\/div>\t\t\t\t<\/div>\n\t\t\t\t<\/div>\n\t\t\t\t<\/div>\r\n\t\t<div class=\"elementor-element elementor-element-87a82ec e-flex e-con-boxed pxl-row-scroll-none pxl-column-none pxl-full-content-with-space-none e-con e-parent\" data-id=\"87a82ec\" data-element_type=\"container\">\t\t\t<div class=\"e-con-inner\">\r\n\t\t\t\t<div class=\"elementor-element elementor-element-24f0a88 elementor-invisible elementor-widget elementor-widget-heading\" data-id=\"24f0a88\" data-element_type=\"widget\" data-settings=\"{&quot;_animation&quot;:&quot;zoomIn&quot;}\" data-widget_type=\"heading.default\">\n\t\t\t\t\t<h2 class=\"elementor-heading-title elementor-size-default\">Yapay Zekan\u0131n G\u00fcc\u00fcyle Yarat\u0131n \u2014 Kavramlar\u0131 Etki ve B\u00fcy\u00fcmeyi Art\u0131ran G\u00f6rsel Ba\u015fyap\u0131tlara D\u00f6n\u00fc\u015ft\u00fcr\u00fcn<\/h2>\t\t\t\t<\/div>\n\t\t\t\t\t<\/div>\r\n\t\t\t\t<\/div>\r\n\t\t<div class=\"elementor-element elementor-element-5d90394 e-flex e-con-boxed pxl-row-scroll-none pxl-column-none pxl-full-content-with-space-none e-con e-parent\" data-id=\"5d90394\" data-element_type=\"container\">\t\t\t<div class=\"e-con-inner\">\r\n\t\t\t\t<div class=\"elementor-element elementor-element-00cdbf1 elementor-invisible elementor-widget elementor-widget-heading\" data-id=\"00cdbf1\" data-element_type=\"widget\" data-settings=\"{&quot;_animation&quot;:&quot;zoomIn&quot;}\" data-widget_type=\"heading.default\">\n\t\t\t\t\t<h2 class=\"elementor-heading-title elementor-size-default\">Hakk\u0131m\u0131zda<\/h2>\t\t\t\t<\/div>\n\t\t\t\t<div class=\"elementor-element elementor-element-d4527b4 elementor-invisible elementor-widget elementor-widget-text-editor\" data-id=\"d4527b4\" data-element_type=\"widget\" data-settings=\"{&quot;_animation&quot;:&quot;zoomIn&quot;}\" data-widget_type=\"text-editor.default\">\n\t\t\t\t\t\t\t\t\t<p>Bizler, yapay zek\u00e2 taraf\u0131ndan \u00fcretilen g\u00f6r\u00fcnt\u00fclerin s\u0131n\u0131rs\u0131z yarat\u0131c\u0131 potansiyelinden ilham alan, vizyon sahibi ve teknoloji tutkunu bir toplulu\u011fuz.<\/p>\t\t\t\t\t\t\t\t<\/div>\n\t\t\t\t\t<\/div>\r\n\t\t\t\t<\/div>\r\n\t\t<div class=\"elementor-element elementor-element-52a2b66 e-flex e-con-boxed pxl-row-scroll-none pxl-column-none pxl-full-content-with-space-none e-con e-parent\" data-id=\"52a2b66\" data-element_type=\"container\">\t\t\t<div class=\"e-con-inner\">\r\n\t\t\t\t<div class=\"elementor-element elementor-element-9f72068 elementor-invisible elementor-widget elementor-widget-heading\" data-id=\"9f72068\" data-element_type=\"widget\" data-settings=\"{&quot;_animation&quot;:&quot;zoomIn&quot;}\" data-widget_type=\"heading.default\">\n\t\t\t\t\t<h2 class=\"elementor-heading-title elementor-size-default\">\u00c7al\u0131\u015fma \u015eeklimiz<\/h2>\t\t\t\t<\/div>\n\t\t\t\t<div class=\"elementor-element elementor-element-52a64bf elementor-invisible elementor-widget elementor-widget-text-editor\" data-id=\"52a64bf\" data-element_type=\"widget\" data-settings=\"{&quot;_animation&quot;:&quot;zoomIn&quot;}\" data-widget_type=\"text-editor.default\">\n\t\t\t\t\t\t\t\t\t<p>Geli\u015fmi\u015f yapay zeka ara\u00e7lar\u0131n\u0131, g\u00f6rsel trendlere dair derin bir anlay\u0131\u015fla birle\u015ftirerek hem yenilik\u00e7i hem de insani hissettiren sanat eserleri \u00fcretiyoruz. Her bir g\u00f6rsel, yaln\u0131zca otomasyonun de\u011fil, \u00f6zenli y\u00f6nlendirme, iyile\u015ftirme ve yarat\u0131c\u0131 niyetin sonucudur.<\/p>\t\t\t\t\t\t\t\t<\/div>\n\t\t\t\t\t<\/div>\r\n\t\t\t\t<\/div>\r\n\t\t<div class=\"elementor-element elementor-element-b620177 e-flex e-con-boxed pxl-row-scroll-none pxl-column-none pxl-full-content-with-space-none e-con e-parent\" data-id=\"b620177\" data-element_type=\"container\">\t\t\t<div class=\"e-con-inner\">\r\n\t\t\t\t<div class=\"elementor-element elementor-element-e52f1b0 elementor-invisible elementor-widget elementor-widget-heading\" data-id=\"e52f1b0\" data-element_type=\"widget\" data-settings=\"{&quot;_animation&quot;:&quot;zoomIn&quot;}\" data-widget_type=\"heading.default\">\n\t\t\t\t\t<h2 class=\"elementor-heading-title elementor-size-default\">Hayal et. Yarat. \u0130lham ver.<\/h2>\t\t\t\t<\/div>\n\t\t\t\t<div class=\"elementor-element elementor-element-a52622e elementor-invisible elementor-widget elementor-widget-text-editor\" data-id=\"a52622e\" data-element_type=\"widget\" data-settings=\"{&quot;_animation&quot;:&quot;zoomIn&quot;}\" data-widget_type=\"text-editor.default\">\n\t\t\t\t\t\t\t\t\t<p>Grafik tasar\u0131mc\u0131lardan pazarlamac\u0131lara ve dijital sanat merakl\u0131lar\u0131na kadar, yapay zeka taraf\u0131ndan olu\u015fturulan \u00e7e\u015fitli g\u00f6rsel galerimiz, fikirlerinizi harekete ge\u00e7irmek ve i\u015f ak\u0131\u015f\u0131n\u0131z\u0131 basitle\u015ftirmek i\u00e7in tasarland\u0131. Ola\u011fan\u00fcst\u00fc sanat eserlerinin herkes i\u00e7in an\u0131nda ve zahmetsizce eri\u015filebilir olmas\u0131 gerekti\u011fine inan\u0131yoruz.<\/p><p>\u00a0<\/p>\t\t\t\t\t\t\t\t<\/div>\n\t\t\t\t\t<\/div>\r\n\t\t\t\t<\/div>\r\n\t\t\t\t<\/div>","protected":false},"excerpt":{"rendered":"<p>Create With the Power of AI \u2014 Turn Concepts Into Visual Masterpieces That Drive Impact and Growth About Us We\u2019re a collective of visionaries and tech lovers, driven by the endless creative potential of AI-generated imagery. How We Work We combine advanced AI tools with a deep understanding of visual trends to generate artwork that [&hellip;]<\/p>\n","protected":false},"author":1,"featured_media":0,"parent":0,"menu_order":0,"comment_status":"closed","ping_status":"closed","template":"","meta":{"footnotes":""},"class_list":["post-204","page","type-page","status-publish","hentry"],"_links":{"self":[{"href":"https:\/\/visual-foundry.com\/tr\/wp-json\/wp\/v2\/pages\/204","targetHints":{"allow":["GET"]}}],"collection":[{"href":"https:\/\/visual-foundry.com\/tr\/wp-json\/wp\/v2\/pages"}],"about":[{"href":"https:\/\/visual-foundry.com\/tr\/wp-json\/wp\/v2\/types\/page"}],"author":[{"embeddable":true,"href":"https:\/\/visual-foundry.com\/tr\/wp-json\/wp\/v2\/users\/1"}],"replies":[{"embeddable":true,"href":"https:\/\/visual-foundry.com\/tr\/wp-json\/wp\/v2\/comments?post=204"}],"version-history":[{"count":9,"href":"https:\/\/visual-foundry.com\/tr\/wp-json\/wp\/v2\/pages\/204\/revisions"}],"predecessor-version":[{"id":17929,"href":"https:\/\/visual-foundry.com\/tr\/wp-json\/wp\/v2\/pages\/204\/revisions\/17929"}],"wp:attachment":[{"href":"https:\/\/visual-foundry.com\/tr\/wp-json\/wp\/v2\/media?parent=204"}],"curies":[{"name":"wp","href":"https:\/\/api.w.org\/{rel}","templated":true}]}}