{"id":16586,"date":"2026-02-17T15:22:59","date_gmt":"2026-02-17T15:22:59","guid":{"rendered":"http:\/\/visual-foundry.com\/product\/stellar-legion-alliance\/"},"modified":"2026-02-17T15:22:59","modified_gmt":"2026-02-17T15:22:59","slug":"stellar-legion-alliance","status":"publish","type":"product","link":"https:\/\/visual-foundry.com\/tr\/urun\/stellar-legion-alliance\/","title":{"rendered":"Y\u0131ld\u0131z Lejyon \u0130ttifak\u0131"},"content":{"rendered":"","protected":false},"excerpt":{"rendered":"","protected":false},"featured_media":16585,"comment_status":"open","ping_status":"closed","template":"","meta":[],"product_brand":[],"product_cat":[99],"product_tag":[],"class_list":{"0":"post-16586","1":"product","2":"type-product","3":"status-publish","4":"has-post-thumbnail","6":"product_cat-galactic-warfront-legions","8":"first","9":"instock","10":"shipping-taxable","11":"purchasable","12":"product-type-variable"},"_links":{"self":[{"href":"https:\/\/visual-foundry.com\/tr\/wp-json\/wp\/v2\/product\/16586","targetHints":{"allow":["GET"]}}],"collection":[{"href":"https:\/\/visual-foundry.com\/tr\/wp-json\/wp\/v2\/product"}],"about":[{"href":"https:\/\/visual-foundry.com\/tr\/wp-json\/wp\/v2\/types\/product"}],"replies":[{"embeddable":true,"href":"https:\/\/visual-foundry.com\/tr\/wp-json\/wp\/v2\/comments?post=16586"}],"wp:featuredmedia":[{"embeddable":true,"href":"https:\/\/visual-foundry.com\/tr\/wp-json\/wp\/v2\/media\/16585"}],"wp:attachment":[{"href":"https:\/\/visual-foundry.com\/tr\/wp-json\/wp\/v2\/media?parent=16586"}],"wp:term":[{"taxonomy":"product_brand","embeddable":true,"href":"https:\/\/visual-foundry.com\/tr\/wp-json\/wp\/v2\/product_brand?post=16586"},{"taxonomy":"product_cat","embeddable":true,"href":"https:\/\/visual-foundry.com\/tr\/wp-json\/wp\/v2\/product_cat?post=16586"},{"taxonomy":"product_tag","embeddable":true,"href":"https:\/\/visual-foundry.com\/tr\/wp-json\/wp\/v2\/product_tag?post=16586"}],"curies":[{"name":"wp","href":"https:\/\/api.w.org\/{rel}","templated":true}]}}