{"id":16611,"date":"2026-02-17T15:23:06","date_gmt":"2026-02-17T15:23:06","guid":{"rendered":"http:\/\/visual-foundry.com\/product\/stellar-legion-awakening\/"},"modified":"2026-02-17T15:23:06","modified_gmt":"2026-02-17T15:23:06","slug":"stellar-legion-awakening","status":"publish","type":"product","link":"https:\/\/visual-foundry.com\/tr\/urun\/stellar-legion-awakening\/","title":{"rendered":"Y\u0131ld\u0131z Lejyonu Uyan\u0131\u015f\u0131"},"content":{"rendered":"","protected":false},"excerpt":{"rendered":"","protected":false},"featured_media":16610,"comment_status":"open","ping_status":"closed","template":"","meta":[],"product_brand":[],"product_cat":[99],"product_tag":[],"class_list":{"0":"post-16611","1":"product","2":"type-product","3":"status-publish","4":"has-post-thumbnail","6":"product_cat-galactic-warfront-legions","8":"first","9":"instock","10":"shipping-taxable","11":"purchasable","12":"product-type-variable"},"_links":{"self":[{"href":"https:\/\/visual-foundry.com\/tr\/wp-json\/wp\/v2\/product\/16611","targetHints":{"allow":["GET"]}}],"collection":[{"href":"https:\/\/visual-foundry.com\/tr\/wp-json\/wp\/v2\/product"}],"about":[{"href":"https:\/\/visual-foundry.com\/tr\/wp-json\/wp\/v2\/types\/product"}],"replies":[{"embeddable":true,"href":"https:\/\/visual-foundry.com\/tr\/wp-json\/wp\/v2\/comments?post=16611"}],"wp:featuredmedia":[{"embeddable":true,"href":"https:\/\/visual-foundry.com\/tr\/wp-json\/wp\/v2\/media\/16610"}],"wp:attachment":[{"href":"https:\/\/visual-foundry.com\/tr\/wp-json\/wp\/v2\/media?parent=16611"}],"wp:term":[{"taxonomy":"product_brand","embeddable":true,"href":"https:\/\/visual-foundry.com\/tr\/wp-json\/wp\/v2\/product_brand?post=16611"},{"taxonomy":"product_cat","embeddable":true,"href":"https:\/\/visual-foundry.com\/tr\/wp-json\/wp\/v2\/product_cat?post=16611"},{"taxonomy":"product_tag","embeddable":true,"href":"https:\/\/visual-foundry.com\/tr\/wp-json\/wp\/v2\/product_tag?post=16611"}],"curies":[{"name":"wp","href":"https:\/\/api.w.org\/{rel}","templated":true}]}}