{"id":17101,"date":"2026-02-17T15:25:33","date_gmt":"2026-02-17T15:25:33","guid":{"rendered":"http:\/\/visual-foundry.com\/product\/coral-abyss-ascension\/"},"modified":"2026-02-17T15:25:33","modified_gmt":"2026-02-17T15:25:33","slug":"coral-abyss-ascension","status":"publish","type":"product","link":"https:\/\/visual-foundry.com\/tr\/urun\/coral-abyss-ascension\/","title":{"rendered":"Mercan U\u00e7urumu Y\u00fckseli\u015fi"},"content":{"rendered":"","protected":false},"excerpt":{"rendered":"","protected":false},"featured_media":17100,"comment_status":"open","ping_status":"closed","template":"","meta":[],"product_brand":[],"product_cat":[101],"product_tag":[],"class_list":{"0":"post-17101","1":"product","2":"type-product","3":"status-publish","4":"has-post-thumbnail","6":"product_cat-oceanic-fantasy-realms","8":"first","9":"instock","10":"shipping-taxable","11":"purchasable","12":"product-type-variable"},"_links":{"self":[{"href":"https:\/\/visual-foundry.com\/tr\/wp-json\/wp\/v2\/product\/17101","targetHints":{"allow":["GET"]}}],"collection":[{"href":"https:\/\/visual-foundry.com\/tr\/wp-json\/wp\/v2\/product"}],"about":[{"href":"https:\/\/visual-foundry.com\/tr\/wp-json\/wp\/v2\/types\/product"}],"replies":[{"embeddable":true,"href":"https:\/\/visual-foundry.com\/tr\/wp-json\/wp\/v2\/comments?post=17101"}],"wp:featuredmedia":[{"embeddable":true,"href":"https:\/\/visual-foundry.com\/tr\/wp-json\/wp\/v2\/media\/17100"}],"wp:attachment":[{"href":"https:\/\/visual-foundry.com\/tr\/wp-json\/wp\/v2\/media?parent=17101"}],"wp:term":[{"taxonomy":"product_brand","embeddable":true,"href":"https:\/\/visual-foundry.com\/tr\/wp-json\/wp\/v2\/product_brand?post=17101"},{"taxonomy":"product_cat","embeddable":true,"href":"https:\/\/visual-foundry.com\/tr\/wp-json\/wp\/v2\/product_cat?post=17101"},{"taxonomy":"product_tag","embeddable":true,"href":"https:\/\/visual-foundry.com\/tr\/wp-json\/wp\/v2\/product_tag?post=17101"}],"curies":[{"name":"wp","href":"https:\/\/api.w.org\/{rel}","templated":true}]}}