{"id":17106,"date":"2026-02-17T15:25:35","date_gmt":"2026-02-17T15:25:35","guid":{"rendered":"http:\/\/visual-foundry.com\/product\/coral-abyss-awakening\/"},"modified":"2026-02-17T15:25:35","modified_gmt":"2026-02-17T15:25:35","slug":"coral-abyss-awakening","status":"publish","type":"product","link":"https:\/\/visual-foundry.com\/tr\/urun\/coral-abyss-awakening\/","title":{"rendered":"Mercan U\u00e7urumu Uyan\u0131\u015f\u0131"},"content":{"rendered":"","protected":false},"excerpt":{"rendered":"","protected":false},"featured_media":17105,"comment_status":"open","ping_status":"closed","template":"","meta":[],"product_brand":[],"product_cat":[101],"product_tag":[],"class_list":{"0":"post-17106","1":"product","2":"type-product","3":"status-publish","4":"has-post-thumbnail","6":"product_cat-oceanic-fantasy-realms","8":"first","9":"instock","10":"shipping-taxable","11":"purchasable","12":"product-type-variable"},"_links":{"self":[{"href":"https:\/\/visual-foundry.com\/tr\/wp-json\/wp\/v2\/product\/17106","targetHints":{"allow":["GET"]}}],"collection":[{"href":"https:\/\/visual-foundry.com\/tr\/wp-json\/wp\/v2\/product"}],"about":[{"href":"https:\/\/visual-foundry.com\/tr\/wp-json\/wp\/v2\/types\/product"}],"replies":[{"embeddable":true,"href":"https:\/\/visual-foundry.com\/tr\/wp-json\/wp\/v2\/comments?post=17106"}],"wp:featuredmedia":[{"embeddable":true,"href":"https:\/\/visual-foundry.com\/tr\/wp-json\/wp\/v2\/media\/17105"}],"wp:attachment":[{"href":"https:\/\/visual-foundry.com\/tr\/wp-json\/wp\/v2\/media?parent=17106"}],"wp:term":[{"taxonomy":"product_brand","embeddable":true,"href":"https:\/\/visual-foundry.com\/tr\/wp-json\/wp\/v2\/product_brand?post=17106"},{"taxonomy":"product_cat","embeddable":true,"href":"https:\/\/visual-foundry.com\/tr\/wp-json\/wp\/v2\/product_cat?post=17106"},{"taxonomy":"product_tag","embeddable":true,"href":"https:\/\/visual-foundry.com\/tr\/wp-json\/wp\/v2\/product_tag?post=17106"}],"curies":[{"name":"wp","href":"https:\/\/api.w.org\/{rel}","templated":true}]}}